{"id":11,"date":"2024-11-03T14:52:05","date_gmt":"2024-11-03T13:52:05","guid":{"rendered":"https:\/\/witoslawska.eu\/?page_id=11"},"modified":"2025-09-12T12:16:34","modified_gmt":"2025-09-12T10:16:34","slug":"home","status":"publish","type":"page","link":"https:\/\/witoslawska.eu\/","title":{"rendered":"Home"},"content":{"rendered":"\n<div class=\"wp-block-group alignfull is-style-no-margin-vertical has-palette-3-color has-text-color has-background\" style=\"background-color:#cc2a1b;padding-top:0px;padding-right:0px;padding-bottom:0px;padding-left:0px\"><div class=\"wp-block-group__inner-container is-layout-flow wp-block-group-is-layout-flow\">\n<div style=\"height:100px\" aria-hidden=\"true\" class=\"wp-block-spacer has-15vmax-min-height\"><\/div>\n\n\n<div class=\"alignwide-wrap\" data-block=\"cover\">\n<div class=\"wp-block-cover alignwide has-custom-content-position is-position-bottom-center is-style-scale-image\" style=\"padding-top:150px;padding-right:0px;padding-bottom:150px;padding-left:0px;min-height:70vh;aspect-ratio:unset;\"><img loading=\"lazy\" decoding=\"async\" width=\"1080\" height=\"1513\" class=\"wp-block-cover__image-background wp-image-34\" alt=\"Marysia Witos\u0142awska-Piotrowska\" src=\"https:\/\/witoslawska.eu\/wp-content\/uploads\/2024\/11\/FB_IMG_1727679816437.jpg\" style=\"object-position:97% 61%\" data-object-fit=\"cover\" data-object-position=\"97% 61%\" srcset=\"https:\/\/witoslawska.eu\/wp-content\/uploads\/2024\/11\/FB_IMG_1727679816437.jpg 1080w, https:\/\/witoslawska.eu\/wp-content\/uploads\/2024\/11\/FB_IMG_1727679816437-214x300.jpg 214w, https:\/\/witoslawska.eu\/wp-content\/uploads\/2024\/11\/FB_IMG_1727679816437-731x1024.jpg 731w, https:\/\/witoslawska.eu\/wp-content\/uploads\/2024\/11\/FB_IMG_1727679816437-768x1076.jpg 768w\" sizes=\"auto, (max-width: 1080px) 100vw, 1080px\" \/><span aria-hidden=\"true\" class=\"wp-block-cover__background has-background-dim-0 has-background-dim\" style=\"background-color:#635452\"><\/span><div class=\"wp-block-cover__inner-container is-layout-flow wp-block-cover-is-layout-flow\"><div class=\"alignwide-wrap\" data-block=\"heading\">\n<h1 class=\"wp-block-heading alignwide has-text-align-center is-style-text-shadow-dark has-palette-3-color has-text-color\"><strong>Marysia <\/strong><br><strong>Witos\u0142awska-Piotrowska<\/strong><\/h1>\n<\/div>\n\n\n<p class=\"has-text-align-center\">Autistic self-advocate<br>Digital marketing expert<br>Reseacher<\/p>\n\n\n\n<div class=\"wp-block-buttons is-horizontal is-content-justification-center is-layout-flex wp-container-core-buttons-is-layout-03627597 wp-block-buttons-is-layout-flex\">\n<div class=\"wp-block-button\"><a class=\"wp-block-button__link has-palette-2-color has-palette-1-background-color has-text-color has-background has-normal-font-size has-custom-font-size wp-element-button\" href=\"https:\/\/witoslawska.eu\/index.php\/contact\/\">Wsp\u00f3\u0142praca\u2192<\/a><\/div>\n<\/div>\n<\/div><\/div>\n<\/div><\/div><\/div>\n\n\n\n<figure class=\"wp-block-gallery alignfull has-nested-images columns-default is-cropped is-style-no-gaps wp-block-gallery-1 is-layout-flex wp-block-gallery-is-layout-flex\">\n<figure class=\"wp-block-image size-large\"><img loading=\"lazy\" decoding=\"async\" width=\"783\" height=\"1024\" data-id=\"36\" src=\"https:\/\/witoslawska.eu\/wp-content\/uploads\/2024\/11\/IMG-20241030-WA00211-783x1024.jpg\" alt=\"Europejski Kongres M\u015aP Katowice 2024 Panel dyskusyjny Marketing przysz\u0142o\u015bci neuror\u00f3\u017cnorodno\u015b\u0107 Marysia Witos\u0142awska Piotrowska\" class=\"wp-image-36\" srcset=\"https:\/\/witoslawska.eu\/wp-content\/uploads\/2024\/11\/IMG-20241030-WA00211-783x1024.jpg 783w, https:\/\/witoslawska.eu\/wp-content\/uploads\/2024\/11\/IMG-20241030-WA00211-230x300.jpg 230w, https:\/\/witoslawska.eu\/wp-content\/uploads\/2024\/11\/IMG-20241030-WA00211-768x1004.jpg 768w, https:\/\/witoslawska.eu\/wp-content\/uploads\/2024\/11\/IMG-20241030-WA00211.jpg 1176w\" sizes=\"auto, (max-width: 783px) 100vw, 783px\" \/><figcaption class=\"wp-element-caption\">Panel dyskusyjny: Marketing 2077, czyli porozmawiajmy o przysz\u0142o\u015bci<\/figcaption><\/figure>\n\n\n\n<figure class=\"wp-block-image size-full\"><img loading=\"lazy\" decoding=\"async\" width=\"2052\" height=\"2560\" data-id=\"73\" src=\"https:\/\/witoslawska.eu\/wp-content\/uploads\/2024\/11\/IMG_20241028_070359-scaled.jpg\" alt=\"GIC Marysia Witos\u0142awska Piotrowska Fundacja Interaktywna\" class=\"wp-image-73\" srcset=\"https:\/\/witoslawska.eu\/wp-content\/uploads\/2024\/11\/IMG_20241028_070359-scaled.jpg 2052w, https:\/\/witoslawska.eu\/wp-content\/uploads\/2024\/11\/IMG_20241028_070359-241x300.jpg 241w, https:\/\/witoslawska.eu\/wp-content\/uploads\/2024\/11\/IMG_20241028_070359-821x1024.jpg 821w, https:\/\/witoslawska.eu\/wp-content\/uploads\/2024\/11\/IMG_20241028_070359-768x958.jpg 768w, https:\/\/witoslawska.eu\/wp-content\/uploads\/2024\/11\/IMG_20241028_070359-1231x1536.jpg 1231w, https:\/\/witoslawska.eu\/wp-content\/uploads\/2024\/11\/IMG_20241028_070359-1642x2048.jpg 1642w\" sizes=\"auto, (max-width: 2052px) 100vw, 2052px\" \/><figcaption class=\"wp-element-caption\">GIC Fundacja Interaktywna <\/figcaption><\/figure>\n\n\n\n<figure class=\"wp-block-image size-large\"><img loading=\"lazy\" decoding=\"async\" width=\"769\" height=\"1024\" data-id=\"40\" src=\"https:\/\/witoslawska.eu\/wp-content\/uploads\/2024\/11\/IMG-20241010-WA0002-769x1024.jpg\" alt=\"Dimaq Day Uniwersytet im. Adama Mickiewicza w Poznaniu Marysia Witos\u0142awska Piotrowska 2024\" class=\"wp-image-40\" srcset=\"https:\/\/witoslawska.eu\/wp-content\/uploads\/2024\/11\/IMG-20241010-WA0002-769x1024.jpg 769w, https:\/\/witoslawska.eu\/wp-content\/uploads\/2024\/11\/IMG-20241010-WA0002-225x300.jpg 225w, https:\/\/witoslawska.eu\/wp-content\/uploads\/2024\/11\/IMG-20241010-WA0002-768x1023.jpg 768w, https:\/\/witoslawska.eu\/wp-content\/uploads\/2024\/11\/IMG-20241010-WA0002-1153x1536.jpg 1153w, https:\/\/witoslawska.eu\/wp-content\/uploads\/2024\/11\/IMG-20241010-WA0002.jpg 1302w\" sizes=\"auto, (max-width: 769px) 100vw, 769px\" \/><figcaption class=\"wp-element-caption\">Konferencja Dimaq Day 2024 Uniwersytet Adama Mickiewicza w Poznaniu Jak budowa\u0107 komunikacj\u0119 marketingow\u0105 do os\u00f3b neuror\u00f3\u017cnorodnych Marysia Witos\u0142awska Piotrowska<\/figcaption><\/figure>\n<\/figure>\n\n\n\n<div style=\"height:150px\" aria-hidden=\"true\" class=\"wp-block-spacer\"><\/div>\n\n\n<div class=\"alignwide-wrap\" data-block=\"columns\">\n<div class=\"wp-block-columns alignwide\">\n<div class=\"wp-block-column\">\n<h2 class=\"wp-block-heading\">O mnie<\/h2>\n<\/div>\n\n\n\n<div class=\"wp-block-column\">\n<p class=\"has-drop-cap\">Nazywam si\u0119 <strong>Marysia Witos\u0142awska-Piotrowska<\/strong>. Jestem freelancerk\u0105 i ekspertk\u0105 digital marketingu, posiadaczk\u0105 certyfikatu <strong>Dimaq Professional <\/strong>oraz pocz\u0105tkuj\u0105c\u0105 badaczk\u0105 z obszaru zarz\u0105dzania i neuror\u00f3\u017cnorodno\u015bci. Wsp\u00f3\u0142pracuj\u0119 z <strong>Centrum Bada\u0144 nad Sztuczn\u0105 Inteligencj\u0105 i Cyberkomunkacj\u0105<\/strong> przy Wydziale Zarz\u0105dzania Uniwersytetu \u0141\u00f3dzkiego oraz <strong>Fundacj\u0105 Interaktywn\u0105<\/strong> w charakterze dyrektora marketingu. Dzia\u0142am jako <strong>samorzecznik os\u00f3b w spektrum autyzmu<\/strong>. W roku akademickim 2025\/2026rozpoczynam studia doktoranckie w Szkole Doktorskiej Nauk Spo\u0142ecznych Uniwersytetu \u0141\u00f3dzkiego pracuj\u0105c nad tematem: Wp\u0142yw kultury organizacyjnej, postrzeganej etyczno\u015bci i przyw\u00f3dztwa na dobrostan pracownik\u00f3w neuroatypowych. <\/p>\n\n\n\n<p><strong>Dlaczego marketing?<\/strong> T\u0119 pasj\u0119 odkry\u0142am w wyniku szcz\u0119\u015bliwego zbiegu okoliczno\u015bci \u2013 podczas pierwszej pracy (jeszcze w charakterze grafika) w Porcie Lotniczym \u0141\u00f3d\u017a im. W\u0142adys\u0142awa Reymonta dosta\u0142am szans\u0119 zarz\u0105dzanie moim pierwszym marketingowym projektem: kampani\u0105 produktow\u0105 dla Lufthansy i po\u0142\u0105czenia \u0141\u00f3d\u017a-Monachium, kt\u00f3ra zosta\u0142a dostrze\u017cona przez media bran\u017cowe (m.in. Marketing przy Kawie).<\/p>\n\n\n\n<p><strong>Marketing<\/strong>, w moim odczuciu jest najodpowiedniejsz\u0105 dziedzin\u0105 dla os\u00f3b, kt\u00f3re s\u0105 g\u0142odne intelektualnej stymulacji. Ten obszar wymaga od nas by\u015bmy ci\u0105gle byli czujni i uwa\u017cni na subtelne zmiany nastroj\u00f3w spo\u0142ecznych. Marketing daje pole do eksplorowania kreatywno\u015bci, rozwijania umiej\u0119tno\u015bci krytycznego my\u015blenia oraz logiki.<\/p>\n\n\n\n<p>W <strong>2024 roku <\/strong>przesz\u0142am <strong>re-diagnoz\u0119 autyzmu<\/strong> w doros\u0142o\u015bci, pierwsz\u0105 otrzyma\u0142am jeszcze jako 11latka. Z powodu swoich indywidualnych do\u015bwiadcze\u0144, ale i obserwacji spo\u0142ecznych dostrzegam rosn\u0105c\u0105 potrzeb\u0119 nowych aktywist\u00f3w \u2013 os\u00f3b samorzeczniczych. Do\u0142\u0105czam wi\u0119c do tego grona z nadziej\u0105, \u017ce moje dzia\u0142ania przyczyni\u0105 si\u0119 do polepszenia sytuacji os\u00f3b autystycznych oraz b\u0119d\u0105 nios\u0142y <strong>warto\u015b\u0107 edukacyjn\u0105 dla biznesu. <\/strong>Neuror\u00f3\u017cnorodno\u015b\u0107, obok zarz\u0105dzania i marketingu sta\u0142a si\u0119 moim dominuj\u0105cym obszarem zainteresowa\u0144 badawczych.<\/p>\n<\/div>\n<\/div>\n<\/div>\n\n<div class=\"alignwide-wrap\" data-block=\"columns\">\n<div class=\"wp-block-columns alignwide\">\n<div class=\"wp-block-column\"><\/div>\n<\/div>\n<\/div>\n\n<div class=\"alignwide-wrap\" data-block=\"columns\">\n<div class=\"wp-block-columns alignwide\" style=\"border-style:none;border-width:0px\">\n<div class=\"wp-block-column\">\n<h2 class=\"wp-block-heading\">Prywatnie<\/h2>\n<\/div>\n\n\n\n<div class=\"wp-block-column\">\n<p>Nale\u017c\u0119 do Klubu Rotary \u0141\u00f3d\u017a Centrum \u2013 jestem fank\u0105 idei <strong>przyw\u00f3dztwa s\u0142u\u017cebnego<\/strong> oraz pragn\u0119 swoim dzia\u0142aniem przyczynia\u0107 si\u0119 dla dobra spo\u0142eczno\u015bci . Czerpi\u0119 du\u017c\u0105 przyjemno\u015b\u0107 z nauki nowych obszar\u00f3w, obecnie jest to AI i neuroatypowo\u015b\u0107. Wieczory lubi\u0119 sp\u0119dza\u0107 graj\u0105c w gry planszowe lub tworz\u0105c kr\u00f3tkie formy poetyckie oraz maluj\u0105c obrazy sztalugowe (zwykle jako ilustracja moich wierszy). Moje zwyczajowe aktywno\u015bci to taniec i p\u0142ywanie, zim\u0105 jestem aktywn\u0105 narciark\u0105. Uczestnicz\u0119 w \u017cyciu kulturalnym, ceni\u0119 ciekawe wernisa\u017ce, teatr dramatyczny i uwielbiam odkrywa\u0107 niszowe utwory muzyczne g\u0142ownie takich nurt\u00f3w jak funk, jazz, soul, blues i z obszaru muzyki alternatywnej.<\/p>\n\n\n\n<p>Jestem szcz\u0119\u015bliw\u0105 \u017con\u0105 doskona\u0142ego gracza i niezwykle ciekawego cz\u0142owieka \u2013 \u0141ukasza Piotrowskiego-Witos\u0142awskiego, tw\u00f3rcy gier, programisty i dzia\u0142acza spo\u0142ecznego oraz w\u0142a\u015bciciela dw\u00f3ch organizacji z obszaru medycznego.<\/p>\n<\/div>\n<\/div>\n<\/div>\n\n<div class=\"alignwide-wrap\" data-block=\"columns\">\n<div class=\"wp-block-columns alignwide\">\n<div class=\"wp-block-column\">\n<blockquote class=\"wp-block-quote is-style-large is-layout-flow wp-block-quote-is-layout-flow\">\n<p>Miar\u0105 zdrowia kultury organizacyjnej jest jej zdolno\u015b\u0107 nie tyle, co do pozyskania, ale do <em>zatrzymania<\/em> w swoich szeregach pracownik\u00f3w neuror\u00f3\u017cnorodnych.<\/p>\n<cite>Marysia Witos\u0142awska-Piotrowska<\/cite><\/blockquote>\n\n\n\n<div class=\"wp-block-file\" style=\"margin-top:0;margin-right:0;margin-bottom:0;margin-left:0;padding-top:var(--wp--preset--spacing--30);padding-right:var(--wp--preset--spacing--30);padding-bottom:var(--wp--preset--spacing--30);padding-left:var(--wp--preset--spacing--30)\"><a id=\"wp-block-file--media-1f58628c-2cc0-48e9-9844-99f2236a9167\" href=\"https:\/\/witoslawska.eu\/wp-content\/uploads\/2025\/09\/Marysia-Witoslawska-Piotrowska-bio.docx\">Marysia-Witoslawska-Piotrowska-bio<\/a><a href=\"https:\/\/witoslawska.eu\/wp-content\/uploads\/2025\/09\/Marysia-Witoslawska-Piotrowska-bio.docx\" class=\"wp-block-file__button wp-element-button\" download aria-describedby=\"wp-block-file--media-1f58628c-2cc0-48e9-9844-99f2236a9167\">Pobierz<\/a><\/div>\n\n\n\n<div class=\"wp-block-file\" style=\"margin-top:0;margin-bottom:0;padding-top:var(--wp--preset--spacing--30);padding-right:var(--wp--preset--spacing--30);padding-bottom:var(--wp--preset--spacing--30);padding-left:var(--wp--preset--spacing--30)\"><a id=\"wp-block-file--media-19d4dc22-44d4-4d48-bf91-fd998706c262\" href=\"https:\/\/witoslawska.eu\/wp-content\/uploads\/2024\/11\/IMGP0284_pp_edytowano_edytowanocc-scaled.jpg\">Marysia Witos\u0142awska Piotrowska &#8211; zdj\u0119cie 1<\/a><a href=\"https:\/\/witoslawska.eu\/wp-content\/uploads\/2024\/11\/IMGP0284_pp_edytowano_edytowanocc-scaled.jpg\" class=\"wp-block-file__button wp-element-button\" download aria-describedby=\"wp-block-file--media-19d4dc22-44d4-4d48-bf91-fd998706c262\">Pobierz<\/a><\/div>\n\n\n\n<div class=\"wp-block-file\" style=\"padding-top:var(--wp--preset--spacing--30);padding-right:var(--wp--preset--spacing--30);padding-bottom:var(--wp--preset--spacing--30);padding-left:var(--wp--preset--spacing--30)\"><a id=\"wp-block-file--media-32d03684-a51b-4b05-8c5c-fd9bb7db5fcc\" href=\"https:\/\/witoslawska.eu\/wp-content\/uploads\/2024\/11\/IMGP0192_pp_edytowano_edytowanopp-scaled.jpg\">Marysia Witos\u0142awska Piotrowska &#8211; zdj\u0119cie 2<\/a><a href=\"https:\/\/witoslawska.eu\/wp-content\/uploads\/2024\/11\/IMGP0192_pp_edytowano_edytowanopp-scaled.jpg\" class=\"wp-block-file__button wp-element-button\" download aria-describedby=\"wp-block-file--media-32d03684-a51b-4b05-8c5c-fd9bb7db5fcc\">Pobierz<\/a><\/div>\n<\/div>\n<\/div>\n<\/div>\n\n\n<div style=\"height:150px\" aria-hidden=\"true\" class=\"wp-block-spacer\"><\/div>\n\n\n\n<figure class=\"wp-block-gallery alignfull has-nested-images columns-default is-cropped columns-4 is-style-no-gaps wp-block-gallery-2 is-layout-flex wp-block-gallery-is-layout-flex\">\n<figure class=\"wp-block-image size-large\"><img loading=\"lazy\" decoding=\"async\" width=\"731\" height=\"1024\" data-id=\"49\" src=\"https:\/\/witoslawska.eu\/wp-content\/uploads\/2024\/11\/IMGP0284_pp_edytowano_edytowanocc-731x1024.jpg\" alt=\"Autistic self-advocate digital marketing expert\" class=\"wp-image-49\" srcset=\"https:\/\/witoslawska.eu\/wp-content\/uploads\/2024\/11\/IMGP0284_pp_edytowano_edytowanocc-731x1024.jpg 731w, https:\/\/witoslawska.eu\/wp-content\/uploads\/2024\/11\/IMGP0284_pp_edytowano_edytowanocc-214x300.jpg 214w, https:\/\/witoslawska.eu\/wp-content\/uploads\/2024\/11\/IMGP0284_pp_edytowano_edytowanocc-768x1075.jpg 768w, https:\/\/witoslawska.eu\/wp-content\/uploads\/2024\/11\/IMGP0284_pp_edytowano_edytowanocc-1097x1536.jpg 1097w, https:\/\/witoslawska.eu\/wp-content\/uploads\/2024\/11\/IMGP0284_pp_edytowano_edytowanocc-1463x2048.jpg 1463w, https:\/\/witoslawska.eu\/wp-content\/uploads\/2024\/11\/IMGP0284_pp_edytowano_edytowanocc-scaled.jpg 1829w\" sizes=\"auto, (max-width: 731px) 100vw, 731px\" \/><\/figure>\n<\/figure>\n","protected":false},"excerpt":{"rendered":"<div class=\"entry-summary\">\n<p>\n\t<a href=\"https:\/\/webmandesign.github.io\/docs\/michelle\/#posts-excerpt\">Marysia Witos\u0142awska-Piotrowska<\/a><br \/>\n\tDigital marketing expert, freelancer, autistic self-advocate, researcher.\n<\/p>\n<\/div>\n<div class=\"link-more-container\"><a href=\"https:\/\/witoslawska.eu\/\" class=\"link-more\" aria-label=\"Continue reading Home\">Continue reading&hellip;<\/a><\/div>\n","protected":false},"author":1,"featured_media":0,"parent":0,"menu_order":0,"comment_status":"closed","ping_status":"closed","template":"templates\/no-intro-header-overlaid-light.php","meta":{"footnotes":""},"class_list":["post-11","page","type-page","status-publish","hentry","entry","entry-type-page"],"_links":{"self":[{"href":"https:\/\/witoslawska.eu\/index.php\/wp-json\/wp\/v2\/pages\/11","targetHints":{"allow":["GET"]}}],"collection":[{"href":"https:\/\/witoslawska.eu\/index.php\/wp-json\/wp\/v2\/pages"}],"about":[{"href":"https:\/\/witoslawska.eu\/index.php\/wp-json\/wp\/v2\/types\/page"}],"author":[{"embeddable":true,"href":"https:\/\/witoslawska.eu\/index.php\/wp-json\/wp\/v2\/users\/1"}],"replies":[{"embeddable":true,"href":"https:\/\/witoslawska.eu\/index.php\/wp-json\/wp\/v2\/comments?post=11"}],"version-history":[{"count":20,"href":"https:\/\/witoslawska.eu\/index.php\/wp-json\/wp\/v2\/pages\/11\/revisions"}],"predecessor-version":[{"id":200,"href":"https:\/\/witoslawska.eu\/index.php\/wp-json\/wp\/v2\/pages\/11\/revisions\/200"}],"wp:attachment":[{"href":"https:\/\/witoslawska.eu\/index.php\/wp-json\/wp\/v2\/media?parent=11"}],"curies":[{"name":"wp","href":"https:\/\/api.w.org\/{rel}","templated":true}]}}