{"id":14,"date":"2024-11-03T14:52:05","date_gmt":"2024-11-03T13:52:05","guid":{"rendered":"https:\/\/witoslawska.eu\/?page_id=14"},"modified":"2024-12-01T16:47:33","modified_gmt":"2024-12-01T15:47:33","slug":"doswiadczenie","status":"publish","type":"page","link":"https:\/\/witoslawska.eu\/index.php\/doswiadczenie\/","title":{"rendered":"Do\u015bwiadczenie"},"content":{"rendered":"<div class=\"alignwide-wrap\" data-block=\"columns\">\n<div class=\"wp-block-columns alignwide is-style-stacked-on-tablet\">\n<div class=\"wp-block-column\">\n<h1 class=\"wp-block-heading\">Do\u015bwiadczenie zawodowe<\/h1>\n\n\n\n<p class=\"has-large-font-size\">Marketingiem zajmuj\u0119 si\u0119 od 5 lat. Do\u015bwiadczenie zawodowe zdobywa\u0142am zaczynaj\u0105c od pracy w charakterze grafika\u00a0<strong>w Porcie Lotniczym im. W\u0142adys\u0142awa Reymonta w \u0141odzi<\/strong>. Tam szybko pokierowano mnie dalej, w stron\u0119 marketingu \u2013 tak odkry\u0142am t\u0119 swoj\u0105 zawodow\u0105 fascynacj\u0119. Na \u0142\u00f3dzkim lotnisku dosta\u0142am szans\u0119 zarz\u0105dzania moim pierwszym projektem marketingowym: kampani\u0105 produktow\u0105 dla Lufthansy i po\u0142\u0105czenia \u0141\u00f3d\u017a-Monachium, dostrze\u017con\u0105 przez media bran\u017cowe (m.in. Marketing przy kawie). Innym wa\u017cnym projektem, kt\u00f3rym zarz\u0105dza\u0142am na lotnisku jest obecna nowa strona portu lotniczego, kt\u00f3r\u0105 mo\u017cesz zobaczy\u0107 <a href=\"https:\/\/www.lodz-airport.pl\/\"><strong>tutaj.<\/strong><\/a><\/p>\n\n\n\n<div class=\"wp-block-buttons is-layout-flex wp-block-buttons-is-layout-flex\">\n<div class=\"wp-block-button\"><a class=\"wp-block-button__link wp-element-button\" href=\"https:\/\/marketingprzykawie.pl\/espresso\/kampania-lodzkiego-lotniska\/\">kampania ile za ile<\/a><\/div>\n<\/div>\n<\/div>\n\n\n\n<div class=\"wp-block-column is-style-default\">\n<figure class=\"wp-block-image size-large\"><img loading=\"lazy\" decoding=\"async\" width=\"731\" height=\"1024\" src=\"https:\/\/witoslawska.eu\/wp-content\/uploads\/2024\/11\/IMGP0133_pp_edytowano_edytowanoss-731x1024.jpg\" alt=\"Marysia Witos\u0142awska Piotrowska Fundacja Interaktywna\" class=\"wp-image-51\" srcset=\"https:\/\/witoslawska.eu\/wp-content\/uploads\/2024\/11\/IMGP0133_pp_edytowano_edytowanoss-731x1024.jpg 731w, https:\/\/witoslawska.eu\/wp-content\/uploads\/2024\/11\/IMGP0133_pp_edytowano_edytowanoss-214x300.jpg 214w, https:\/\/witoslawska.eu\/wp-content\/uploads\/2024\/11\/IMGP0133_pp_edytowano_edytowanoss-768x1075.jpg 768w, https:\/\/witoslawska.eu\/wp-content\/uploads\/2024\/11\/IMGP0133_pp_edytowano_edytowanoss-1097x1536.jpg 1097w, https:\/\/witoslawska.eu\/wp-content\/uploads\/2024\/11\/IMGP0133_pp_edytowano_edytowanoss-1463x2048.jpg 1463w, https:\/\/witoslawska.eu\/wp-content\/uploads\/2024\/11\/IMGP0133_pp_edytowano_edytowanoss-scaled.jpg 1828w\" sizes=\"auto, (max-width: 731px) 100vw, 731px\" \/><\/figure>\n<\/div>\n<\/div>\n<\/div>\n\n\n<p class=\"has-large-font-size\"><\/p>\n\n\n\n<div style=\"height:100px\" aria-hidden=\"true\" class=\"wp-block-spacer\"><\/div>\n\n\n<div class=\"alignwide-wrap\" data-block=\"columns\">\n<div class=\"wp-block-columns alignwide is-style-stacked-on-tablet\">\n<div class=\"wp-block-column is-style-default\">\n<figure class=\"wp-block-image size-full\"><img loading=\"lazy\" decoding=\"async\" width=\"457\" height=\"536\" src=\"https:\/\/witoslawska.eu\/wp-content\/uploads\/2024\/11\/Czworka-Polskie-Radio-Marysia-Witoslawska-autistic-self-advocate-2.jpg\" alt=\"\" class=\"wp-image-102\" srcset=\"https:\/\/witoslawska.eu\/wp-content\/uploads\/2024\/11\/Czworka-Polskie-Radio-Marysia-Witoslawska-autistic-self-advocate-2.jpg 457w, https:\/\/witoslawska.eu\/wp-content\/uploads\/2024\/11\/Czworka-Polskie-Radio-Marysia-Witoslawska-autistic-self-advocate-2-256x300.jpg 256w\" sizes=\"auto, (max-width: 457px) 100vw, 457px\" \/><\/figure>\n<\/div>\n\n\n\n<div class=\"wp-block-column\">\n<p class=\"has-drop-cap\">W 2022 r. pracowa\u0142am w firmie\u00a0<strong>questus \u2014 akredytowanym centrum The Chartered Institute of Marketing<\/strong>. Moim g\u0142\u00f3wnym obszarem dzia\u0142a\u0144 by\u0142y projekty badawcze CIMO. W questusie zdoby\u0142am ogromn\u0105 dawk\u0119 wiedzy i inspiracji.<\/p>\n\n\n\n<p class=\"has-drop-cap\">Nast\u0119pnie pracowa\u0142am w&nbsp;<strong>Fundacji JiM<\/strong>&nbsp;\u2013 jednej z najwi\u0119kszych polskich organizacji wspieraj\u0105cych osoby autystyczne i neuror\u00f3\u017cnorodne. Pracuj\u0105c w dziale komunikacji zajmowa\u0142am si\u0119 przede wszystkim lead generation, performence i Google Ads. W Fundacji JiM mia\u0142am te\u017c sw\u00f3j <em>coming-out<\/em> jako osoba w spektrum autyzmu.<\/p>\n\n\n\n<p class=\"has-drop-cap\"><\/p>\n\n\n\n<div class=\"wp-block-buttons is-layout-flex wp-block-buttons-is-layout-flex\">\n<div class=\"wp-block-button\"><a class=\"wp-block-button__link wp-element-button\" href=\"https:\/\/www.polskieradio.pl\/10\/10333\/Artykul\/3319725,wieczor-z-czworka-18-stycznia-godz-2003\">Audycja w Czw\u00f3rce polskiego radia cz.1<\/a><\/div>\n\n\n\n<div class=\"wp-block-button\"><a class=\"wp-block-button__link wp-element-button\" href=\"https:\/\/www.polskieradio.pl\/10\/10333\/Artykul\/3319748,wieczor-z-czworka-18-stycznia-godz-2101\">Audycja w Czw\u00f3rce polskiego radia cz.2<\/a><\/div>\n<\/div>\n<\/div>\n<\/div>\n<\/div>\n\n\n<div style=\"height:100px\" aria-hidden=\"true\" class=\"wp-block-spacer\"><\/div>\n\n\n<div class=\"alignwide-wrap\" data-block=\"media-text\">\n<div class=\"wp-block-media-text alignwide has-media-on-the-right is-stacked-on-mobile is-vertically-aligned-top is-style-no-margin-vertical\"><div class=\"wp-block-media-text__content\">\n<h2 class=\"wp-block-heading\">Obecnie<\/h2>\n\n\n\n<p class=\"has-large-font-size\">Obecnie rozwijam si\u0119 jako pocz\u0105tkuj\u0105ca badaczka w&nbsp;<strong>Centrum Bada\u0144 nad Sztuczn\u0105 Inteligencj\u0105 i Cyberkomunikacj\u0105 na Wydziale Zarz\u0105dzania Uniwersytetu \u0141\u00f3dzkiego <\/strong>pod okiem<strong> wybitnego prof. Artura Modli\u0144skiego<\/strong>. <\/p>\n\n\n\n<p class=\"has-large-font-size\">Wsp\u00f3\u0142pracuj\u0119 te\u017c z&nbsp;<strong>Fundacj\u0105 Interaktywn\u0105<\/strong>&nbsp;w charakterze dyrektora marketingu przygotowuj\u0105c projekty dla os\u00f3b autystycznych i dbaj\u0105c o rozw\u00f3j relacji biznesowych.<\/p>\n\n\n\n<div class=\"wp-block-buttons is-layout-flex wp-block-buttons-is-layout-flex\">\n<div class=\"wp-block-button\"><a class=\"wp-block-button__link wp-element-button\" href=\"https:\/\/fundacjainteraktywna.pl\/\">Fundacja interaktywna<\/a><\/div>\n\n\n\n<div class=\"wp-block-button\"><a class=\"wp-block-button__link wp-element-button\" href=\"http:\/\/www.linkedin.com\/in\/marysia-witos\u0142awska\">linkedin<\/a><\/div>\n<\/div>\n<\/div><figure class=\"wp-block-media-text__media\"><img loading=\"lazy\" decoding=\"async\" width=\"821\" height=\"1024\" src=\"https:\/\/witoslawska.eu\/wp-content\/uploads\/2024\/11\/IMG_20241028_070359-821x1024.jpg\" alt=\"GIC Marysia Witos\u0142awska Piotrowska Fundacja Interaktywna\" class=\"wp-image-73 size-full\" srcset=\"https:\/\/witoslawska.eu\/wp-content\/uploads\/2024\/11\/IMG_20241028_070359-821x1024.jpg 821w, https:\/\/witoslawska.eu\/wp-content\/uploads\/2024\/11\/IMG_20241028_070359-241x300.jpg 241w, https:\/\/witoslawska.eu\/wp-content\/uploads\/2024\/11\/IMG_20241028_070359-768x958.jpg 768w, https:\/\/witoslawska.eu\/wp-content\/uploads\/2024\/11\/IMG_20241028_070359-1231x1536.jpg 1231w, https:\/\/witoslawska.eu\/wp-content\/uploads\/2024\/11\/IMG_20241028_070359-1642x2048.jpg 1642w\" sizes=\"auto, (max-width: 821px) 100vw, 821px\" \/><\/figure><\/div>\n<\/div>\n\n\n<div style=\"height:150px\" aria-hidden=\"true\" class=\"wp-block-spacer\"><\/div>\n\n\n<div class=\"alignwide-wrap\" data-block=\"columns\">\n<div class=\"wp-block-columns alignwide are-vertically-aligned-center is-style-stacked-on-tablet has-palette-2-color has-palette-1-background-color has-text-color has-background\">\n<div class=\"wp-block-column is-vertically-aligned-center\" style=\"flex-basis:65%\">\n<p>Dowiedz si\u0119 wi\u0119cej<\/p>\n<\/div>\n\n\n\n<div class=\"wp-block-column is-style-hidden-on-tablet\" style=\"flex-basis:10%\"><\/div>\n\n\n\n<div class=\"wp-block-column is-vertically-aligned-center\" style=\"flex-basis:25%\">\n<div class=\"wp-block-buttons is-layout-flex wp-block-buttons-is-layout-flex\">\n<div class=\"wp-block-button has-custom-width wp-block-button__width-100\"><a class=\"wp-block-button__link has-palette-3-color has-palette-2-background-color has-text-color has-background wp-element-button\" href=\"https:\/\/witoslawska.eu\/index.php\/contact\/\"><strong>wsp\u00f3\u0142praca\u2192<\/strong><\/a><\/div>\n<\/div>\n<\/div>\n<\/div>\n<\/div>\n\n\n<div style=\"height:150px\" aria-hidden=\"true\" class=\"wp-block-spacer\"><\/div>\n\n\n\n<p><\/p>\n","protected":false},"excerpt":{"rendered":"<div class=\"entry-summary\">\n<p>\n\t<a href=\"https:\/\/webmandesign.github.io\/docs\/michelle\/#posts-excerpt\">Do\u015bwiadczenie zawodowe<\/a><br \/>\n\tMarketingiem zajmuj\u0119 si\u0119 od 5 lat. Do\u015bwiadczenie zawodowe zdobywa\u0142am zaczynaj\u0105c od pracy w charakterze grafika&#8230;\n<\/p>\n<\/div>\n<div class=\"link-more-container\"><a href=\"https:\/\/witoslawska.eu\/index.php\/doswiadczenie\/\" class=\"link-more\" aria-label=\"Continue reading Do\u015bwiadczenie\">Continue reading&hellip;<\/a><\/div>\n","protected":false},"author":1,"featured_media":0,"parent":0,"menu_order":0,"comment_status":"closed","ping_status":"closed","template":"templates\/no-intro.php","meta":{"footnotes":""},"class_list":["post-14","page","type-page","status-publish","hentry","entry","entry-type-page"],"_links":{"self":[{"href":"https:\/\/witoslawska.eu\/index.php\/wp-json\/wp\/v2\/pages\/14","targetHints":{"allow":["GET"]}}],"collection":[{"href":"https:\/\/witoslawska.eu\/index.php\/wp-json\/wp\/v2\/pages"}],"about":[{"href":"https:\/\/witoslawska.eu\/index.php\/wp-json\/wp\/v2\/types\/page"}],"author":[{"embeddable":true,"href":"https:\/\/witoslawska.eu\/index.php\/wp-json\/wp\/v2\/users\/1"}],"replies":[{"embeddable":true,"href":"https:\/\/witoslawska.eu\/index.php\/wp-json\/wp\/v2\/comments?post=14"}],"version-history":[{"count":9,"href":"https:\/\/witoslawska.eu\/index.php\/wp-json\/wp\/v2\/pages\/14\/revisions"}],"predecessor-version":[{"id":149,"href":"https:\/\/witoslawska.eu\/index.php\/wp-json\/wp\/v2\/pages\/14\/revisions\/149"}],"wp:attachment":[{"href":"https:\/\/witoslawska.eu\/index.php\/wp-json\/wp\/v2\/media?parent=14"}],"curies":[{"name":"wp","href":"https:\/\/api.w.org\/{rel}","templated":true}]}}