{"id":16,"date":"2024-11-03T14:52:05","date_gmt":"2024-11-03T13:52:05","guid":{"rendered":"https:\/\/witoslawska.eu\/?page_id=16"},"modified":"2024-11-04T16:04:21","modified_gmt":"2024-11-04T15:04:21","slug":"contact","status":"publish","type":"page","link":"https:\/\/witoslawska.eu\/index.php\/contact\/","title":{"rendered":"WSP\u00d3\u0141PRACA"},"content":{"rendered":"<div class=\"alignwide-wrap\" data-block=\"media-text\">\n<div class=\"wp-block-media-text alignwide has-media-on-the-right is-stacked-on-mobile\" style=\"grid-template-columns:auto 47%\"><div class=\"wp-block-media-text__content\">\n<h2 class=\"wp-block-heading is-style-uppercase has-normal-font-size\"><strong>ZAKRES DZIA\u0141A\u0143<\/strong><\/h2>\n\n\n\n<p><\/p>\n\n\n\n<ul class=\"wp-block-list\">\n<li><strong>Szkolenia \u2013 neuror\u00f3\u017cnorodno\u015b\u0107<\/strong> (dla zarz\u0105du i manager\u00f3w, strategiczne z DEI, wprowadzaj\u0105ce dla pracownik\u00f3w z neurow\u0142\u0105czaj\u0105cej kultury organizacyjnej, szerzej z obszaru inkluzywnno\u015bci)<\/li>\n\n\n\n<li><strong>Szkolenia \u2013 marketing<\/strong> (inkluzywny marketing, AI w marketingu, kreacja, webritting)<\/li>\n\n\n\n<li><strong>Prelekcje<\/strong> z obszaru marketingu i neuror\u00f3\u017cnorodno\u015bci<\/li>\n\n\n\n<li><strong>Social media<\/strong>: audyt i strategia<\/li>\n\n\n\n<li>Kompleksowe tworzenie i koordynowanie <strong>kampanii marketingowych<\/strong><\/li>\n\n\n\n<li>Wyst\u0105pienia w roli samorzecznika os\u00f3b w <strong>spektrum autyzmu<\/strong><\/li>\n<\/ul>\n\n\n\n<h2 class=\"wp-block-heading is-style-uppercase has-normal-font-size\"><strong>Kontakt<\/strong><\/h2>\n\n\n\n<p><a href=\"mailto:lorem@ipsum.dolor\">marysia@witoslawska.eu<\/a><br><a href=\"tel:+321900123456\">+48<\/a> 6<a href=\"tel:+321900123456\">92 207 011<\/a><\/p>\n<\/div><figure class=\"wp-block-media-text__media\"><img loading=\"lazy\" decoding=\"async\" width=\"768\" height=\"1024\" src=\"https:\/\/witoslawska.eu\/wp-content\/uploads\/2024\/11\/IMG-a848c2828892b74e15e6b8d10f8b8f2a-V-768x1024.jpg\" alt=\"Marysia Witos\u0142awska Piotrowska wsp\u00f3\u0142praca marketing neuror\u00f3\u017cnorodno\u015b\u0107\" class=\"wp-image-41 size-full\" srcset=\"https:\/\/witoslawska.eu\/wp-content\/uploads\/2024\/11\/IMG-a848c2828892b74e15e6b8d10f8b8f2a-V-768x1024.jpg 768w, https:\/\/witoslawska.eu\/wp-content\/uploads\/2024\/11\/IMG-a848c2828892b74e15e6b8d10f8b8f2a-V-225x300.jpg 225w, https:\/\/witoslawska.eu\/wp-content\/uploads\/2024\/11\/IMG-a848c2828892b74e15e6b8d10f8b8f2a-V-1152x1536.jpg 1152w, https:\/\/witoslawska.eu\/wp-content\/uploads\/2024\/11\/IMG-a848c2828892b74e15e6b8d10f8b8f2a-V.jpg 1200w\" sizes=\"auto, (max-width: 768px) 100vw, 768px\" \/><\/figure><\/div>\n<\/div>","protected":false},"excerpt":{"rendered":"<div class=\"link-more-container\"><a href=\"https:\/\/witoslawska.eu\/index.php\/contact\/\" class=\"link-more\" aria-label=\"Continue reading WSP\u00d3\u0141PRACA\">Continue reading&hellip;<\/a><\/div>\n","protected":false},"author":1,"featured_media":0,"parent":0,"menu_order":0,"comment_status":"closed","ping_status":"closed","template":"","meta":{"footnotes":""},"class_list":["post-16","page","type-page","status-publish","hentry","entry","entry-type-page"],"_links":{"self":[{"href":"https:\/\/witoslawska.eu\/index.php\/wp-json\/wp\/v2\/pages\/16","targetHints":{"allow":["GET"]}}],"collection":[{"href":"https:\/\/witoslawska.eu\/index.php\/wp-json\/wp\/v2\/pages"}],"about":[{"href":"https:\/\/witoslawska.eu\/index.php\/wp-json\/wp\/v2\/types\/page"}],"author":[{"embeddable":true,"href":"https:\/\/witoslawska.eu\/index.php\/wp-json\/wp\/v2\/users\/1"}],"replies":[{"embeddable":true,"href":"https:\/\/witoslawska.eu\/index.php\/wp-json\/wp\/v2\/comments?post=16"}],"version-history":[{"count":7,"href":"https:\/\/witoslawska.eu\/index.php\/wp-json\/wp\/v2\/pages\/16\/revisions"}],"predecessor-version":[{"id":162,"href":"https:\/\/witoslawska.eu\/index.php\/wp-json\/wp\/v2\/pages\/16\/revisions\/162"}],"wp:attachment":[{"href":"https:\/\/witoslawska.eu\/index.php\/wp-json\/wp\/v2\/media?parent=16"}],"curies":[{"name":"wp","href":"https:\/\/api.w.org\/{rel}","templated":true}]}}