{"id":3,"date":"2024-11-03T12:47:51","date_gmt":"2024-11-03T11:47:51","guid":{"rendered":"https:\/\/witoslawska.eu\/?page_id=3"},"modified":"2024-12-01T16:48:35","modified_gmt":"2024-12-01T15:48:35","slug":"blog","status":"publish","type":"page","link":"https:\/\/witoslawska.eu\/index.php\/blog\/","title":{"rendered":"Blog"},"content":{"rendered":"\n<p>Re-diagnoza autyzmu w doros\u0142o\u015bci by\u0142a prze\u0142omowym momentem w moim \u017cyciu. \u015awiadomo\u015b\u0107 z czego dok\u0142adnie wynikaj\u0105 moje trudno\u015bci, nauka o spektrum autyzmu i g\u0142\u0119bokie poznanie spo\u0142eczno\u015bci os\u00f3b neuroatypowych przynios\u0142y mi zrozumienie i akceptacj\u0119. Szukaj\u0105c odpowiedzi na to <em>co to znaczy, \u017ce jestem w spektrum autyzmu<\/em> stworzy\u0142am bloga, kt\u00f3ry spe\u0142nia\u0142 te\u017c rol\u0119 autoterapii. Jest ponadto okazj\u0105 do tego, bym mog\u0142a tworzy\u0107 ilustracje digitalowe \u2013 rysowanie i malowanie zawsze by\u0142o dla mnie swego rodzaju form\u0105 medytacji (to obszar mojej pierwszej w \u017cyciu pasji, zapocz\u0105tkowanej jeszcze w dzieci\u0144stwie).<\/p>\n\n\n\n<div class=\"wp-block-buttons is-layout-flex wp-block-buttons-is-layout-flex\">\n<div class=\"wp-block-button\"><a class=\"wp-block-button__link wp-element-button\" href=\"https:\/\/www.instagram.com\/autistic.soul.journey\/\">Autistic soul journey<\/a><\/div>\n<\/div>\n\n\n\n<p><\/p>\n","protected":false},"excerpt":{"rendered":"<div class=\"entry-summary\">\nRe-diagnoza autyzmu w doros\u0142o\u015bci by\u0142a prze\u0142omowym momentem w moim \u017cyciu. \u015awiadomo\u015b\u0107 z czego dok\u0142adnie wynikaj\u0105 moje trudno\u015bci, nauka o spektrum autyzmu i g\u0142\u0119bokie poznanie spo\u0142eczno\u015bci os\u00f3b neuroatypowych przynios\u0142y mi zrozumienie i akceptacj\u0119.&hellip;\n<\/div>\n<div class=\"link-more-container\"><a href=\"https:\/\/witoslawska.eu\/index.php\/blog\/\" class=\"link-more\" aria-label=\"Continue reading Blog\">Continue reading&hellip;<\/a><\/div>\n","protected":false},"author":1,"featured_media":0,"parent":0,"menu_order":0,"comment_status":"closed","ping_status":"open","template":"","meta":{"footnotes":""},"class_list":["post-3","page","type-page","status-publish","hentry","entry","entry-type-page"],"_links":{"self":[{"href":"https:\/\/witoslawska.eu\/index.php\/wp-json\/wp\/v2\/pages\/3","targetHints":{"allow":["GET"]}}],"collection":[{"href":"https:\/\/witoslawska.eu\/index.php\/wp-json\/wp\/v2\/pages"}],"about":[{"href":"https:\/\/witoslawska.eu\/index.php\/wp-json\/wp\/v2\/types\/page"}],"author":[{"embeddable":true,"href":"https:\/\/witoslawska.eu\/index.php\/wp-json\/wp\/v2\/users\/1"}],"replies":[{"embeddable":true,"href":"https:\/\/witoslawska.eu\/index.php\/wp-json\/wp\/v2\/comments?post=3"}],"version-history":[{"count":3,"href":"https:\/\/witoslawska.eu\/index.php\/wp-json\/wp\/v2\/pages\/3\/revisions"}],"predecessor-version":[{"id":188,"href":"https:\/\/witoslawska.eu\/index.php\/wp-json\/wp\/v2\/pages\/3\/revisions\/188"}],"wp:attachment":[{"href":"https:\/\/witoslawska.eu\/index.php\/wp-json\/wp\/v2\/media?parent=3"}],"curies":[{"name":"wp","href":"https:\/\/api.w.org\/{rel}","templated":true}]}}