{"id":79,"date":"2024-11-03T17:24:27","date_gmt":"2024-11-03T16:24:27","guid":{"rendered":"https:\/\/witoslawska.eu\/?page_id=79"},"modified":"2025-01-01T20:21:14","modified_gmt":"2025-01-01T19:21:14","slug":"dzialania","status":"publish","type":"page","link":"https:\/\/witoslawska.eu\/index.php\/dzialania\/","title":{"rendered":"Dzia\u0142ania"},"content":{"rendered":"\n<div class=\"wp-block-cover alignfull has-parallax is-style-no-margin-vertical\" style=\"padding-top:0px;padding-right:0px;padding-bottom:0px;padding-left:0px\"><span aria-hidden=\"true\" class=\"wp-block-cover__background has-background-dim-0 has-background-dim\" style=\"background-color:#cc2a1b\"><\/span><div class=\"wp-block-cover__image-background wp-image-80 has-parallax\" style=\"background-position:50% 50%;background-image:url(https:\/\/witoslawska.eu\/wp-content\/uploads\/2024\/11\/tlo.png)\"><\/div><div class=\"wp-block-cover__inner-container is-layout-flow wp-block-cover-is-layout-flow\"><div class=\"alignwide-wrap\" data-block=\"columns\">\n<div class=\"wp-block-columns alignwide is-style-no-gaps\">\n<div class=\"wp-block-column\">\n<figure class=\"wp-block-image size-large\"><img loading=\"lazy\" decoding=\"async\" width=\"821\" height=\"1024\" src=\"https:\/\/witoslawska.eu\/wp-content\/uploads\/2024\/11\/IMG_20241028_070359-821x1024.jpg\" alt=\"uczestnictwo w GIC Marysia Witos\u0142awska Piotrowska Fundacja Interaktywna\" class=\"wp-image-73\" srcset=\"https:\/\/witoslawska.eu\/wp-content\/uploads\/2024\/11\/IMG_20241028_070359-821x1024.jpg 821w, https:\/\/witoslawska.eu\/wp-content\/uploads\/2024\/11\/IMG_20241028_070359-241x300.jpg 241w, https:\/\/witoslawska.eu\/wp-content\/uploads\/2024\/11\/IMG_20241028_070359-768x958.jpg 768w, https:\/\/witoslawska.eu\/wp-content\/uploads\/2024\/11\/IMG_20241028_070359-1231x1536.jpg 1231w, https:\/\/witoslawska.eu\/wp-content\/uploads\/2024\/11\/IMG_20241028_070359-1642x2048.jpg 1642w\" sizes=\"auto, (max-width: 821px) 100vw, 821px\" \/><figcaption class=\"wp-element-caption\">Game Industry Conference<\/figcaption><\/figure>\n<\/div>\n\n\n\n<div class=\"wp-block-column\">\n<div class=\"wp-block-cover is-light\" style=\"min-height:100vh;aspect-ratio:unset;\"><span aria-hidden=\"true\" class=\"wp-block-cover__background has-background-dim-100 has-background-dim\" style=\"background-color:#010101\"><\/span><div class=\"wp-block-cover__inner-container is-layout-flow wp-block-cover-is-layout-flow\">\n<h2 class=\"wp-block-heading\">Dzia\u0142ania<\/h2>\n\n\n\n<div class=\"wp-block-buttons is-layout-flex wp-block-buttons-is-layout-flex\">\n<div class=\"wp-block-button\"><a class=\"wp-block-button__link wp-element-button\" href=\"https:\/\/nowymarketing.pl\/brand-safety-czyli-jak-ochronic-swoja-marke-w-internecie-poradnik\/\">nowy marketing<\/a><\/div>\n\n\n\n<div class=\"wp-block-button\"><a class=\"wp-block-button__link wp-element-button\" href=\"https:\/\/nowymarketing.pl\/3-najwazniejsze-obszary-w-komunikacji-marketingowej-na-2025-rok-ktorych-nie-mozesz-pominac\/\">Nowy Marketing 2<\/a><\/div>\n\n\n\n<div class=\"wp-block-button\"><a class=\"wp-block-button__link wp-element-button\" href=\"https:\/\/o-m.pl\/artykul\/neuroroznorodnosc-w-marketingu?fbclid=IwY2xjawHibftleHRuA2FlbQIxMAABHYtQvoTbGBKt1zEw77_j4LR9yo9PtE9hqfaWKmJ0NSJLcZIxJvxkdhleTA_aem_tQjnSWH_rymIeVpQJa00AA\">Online marketing<\/a><\/div>\n<\/div>\n\n\n\n<p>Tworz\u0119 artyku\u0142y bran\u017cowe (marketing) i publikacje naukowe (zarz\u0105dzanie). Aktywnie uczestnicz\u0119 w panelach i konferencjach jako prelegentka z obszaru marketingu i neuror\u00f3\u017cnorodno\u015bci. Moje ostatnie wyst\u0105pienia:<\/p>\n\n\n\n<ul class=\"wp-block-list\">\n<li><strong>Digital Festiwal<\/strong>, Noc Innowacji, panel dyskusyjny: &#8222;Neuror\u00f3\u017cnorodno\u015b\u0107 w dobie nowych technologii&#8221; na Wydziale Zarz\u0105dzania Uniwersytetu \u0141\u00f3dzkiego wraz z Prof. dr hab. Arturem Modli\u0144skim (Uniwersytet \u0141\u00f3dzki), Kosm\u0105 Zalewskim (Wsp\u00f3\u0142za\u0142o\u017cyciel platformy Chatheroes Academy) i Niko Zieli\u0144skim (neurobiolog, pracownik EC1 oraz wsp\u00f3\u0142pracownik Centrum Bada\u0144 nad Sztuczn\u0105 Inteligencj\u0105 i Cyberkomunikacj\u0105 na Wydziale Zarz\u0105dzania Uniwersytetu \u0141\u00f3dzkiego)<\/li>\n<\/ul>\n\n\n\n<figure class=\"wp-block-embed is-type-video is-provider-youtube wp-block-embed-youtube wp-embed-aspect-16-9 wp-has-aspect-ratio\"><div class=\"wp-block-embed__wrapper\">\n<iframe loading=\"lazy\" title=\"Digital Festival - panel dyskusyjny Neuror\u00f3\u017cnorodno\u015b\u0107 w dobie nowych technologii\" width=\"1400\" height=\"788\" src=\"https:\/\/www.youtube.com\/embed\/yYz0pHE7hpY?feature=oembed\" frameborder=\"0\" allow=\"accelerometer; autoplay; clipboard-write; encrypted-media; gyroscope; picture-in-picture; web-share\" referrerpolicy=\"strict-origin-when-cross-origin\" allowfullscreen><\/iframe>\n<\/div><\/figure>\n\n\n\n<ul class=\"wp-block-list\">\n<li><strong>Europejski Kongres M\u015aP<\/strong>, panel dyskusyjny: \u201e<strong>Marketing 2077, czyli porozmawiajmy o przysz\u0142o\u015bci marketingu<\/strong>\u201d wraz z Radkiem Grzybowskim (Brand Marketing Director Bluerank), Jeremim Rybakiem (Head of Marketing w Acer Polska), Grzegorzem Borowieckim (Dyrektor Zarz\u0105dzaj\u0105cy agencji WUNDERTEAM), Markiem Gonsiorem (tw\u00f3rca podcastu Wyzwoleni.org, konsultant marketingowy) Katowice, 30 pa\u017adziernika 2024<\/li>\n\n\n\n<li><strong>Konferencja: Dimaq Day<\/strong>, prelekcja:&nbsp; \u201e<strong>Jak tworzy\u0107 komunikacj\u0119 marketingow\u0105 do os\u00f3b neuror\u00f3\u017cnorodnych?<\/strong>\u201d, Uniwersytet im. Adama Mickiewicza, 10 pa\u017adziernika 2024<\/li>\n\n\n\n<li><strong>Konferencja: Dimaq Day<\/strong>, prelekcja: \u201e<strong>Jak tworzy\u0107 komunikacj\u0119 marketingow\u0105 do os\u00f3b neuror\u00f3\u017cnorodnych?<\/strong>\u201d, Uniwersytet WSB Merito, Wroc\u0142aw, 9 pa\u017adziernika 2024<\/li>\n\n\n\n<li><strong>Konferencja: Edukacja Wobec Wyzwa\u0144 Wsp\u00f3\u0142czesno\u015bci<\/strong>, prelekcja: \u201e<strong>Wyzwania w \u015bcie\u017cce edukacyjnej neuror\u00f3\u017cnorodnych student\u00f3w oraz rola przyw\u00f3dztwa i wsparcia w zarz\u0105dzaniu edukacj\u0105 os\u00f3b neuror\u00f3\u017cnorodnych<\/strong>\u201d, Uniwersytet Jagiello\u0144ski, Krak\u00f3w &nbsp;6-7 czerwca 2024<\/li>\n\n\n\n<li>Audycja w <strong>Czw\u00f3rka Polskie Radio<\/strong> na temat neuror\u00f3\u017cnorodno\u015bci, Fundacja JiM, Warszawa, 18 stycznia 2024<\/li>\n<\/ul>\n<\/div><\/div>\n<\/div>\n<\/div>\n<\/div><\/div><\/div>\n\n\n\n<div class=\"wp-block-group alignfull has-text-color has-background\" style=\"color:#010101;background-color:#ffdd44;padding-top:150px;padding-bottom:150px\"><div class=\"wp-block-group__inner-container is-layout-flow wp-block-group-is-layout-flow\">\n<h2 class=\"wp-block-heading has-text-align-center\">Dzia\u0142ania<\/h2>\n\n\n\n<p class=\"has-text-align-center has-large-font-size\"><\/p>\n\n\n\n<div style=\"height:50px\" aria-hidden=\"true\" class=\"wp-block-spacer\"><\/div>\n\n\n<div class=\"alignwide-wrap\" data-block=\"gallery\">\n<figure class=\"wp-block-gallery alignwide has-nested-images columns-4 is-cropped wp-block-gallery-1 is-layout-flex wp-block-gallery-is-layout-flex\">\n<figure class=\"wp-block-image size-full\"><a href=\"https:\/\/witoslawska.eu\/wp-content\/uploads\/2024\/11\/Europejski-Kongres-MSP-panelisci-3.jpg\"><img loading=\"lazy\" decoding=\"async\" width=\"1078\" height=\"1048\" data-id=\"99\" src=\"https:\/\/witoslawska.eu\/wp-content\/uploads\/2024\/11\/Europejski-Kongres-MSP-panelisci-3.jpg\" alt=\"Marysia Witos\u0142awska Piotrowska Funacja Interaktywna marketing neuror\u00f3\u017cnorodno\u015b\u0107\" class=\"wp-image-99\" srcset=\"https:\/\/witoslawska.eu\/wp-content\/uploads\/2024\/11\/Europejski-Kongres-MSP-panelisci-3.jpg 1078w, https:\/\/witoslawska.eu\/wp-content\/uploads\/2024\/11\/Europejski-Kongres-MSP-panelisci-3-300x292.jpg 300w, https:\/\/witoslawska.eu\/wp-content\/uploads\/2024\/11\/Europejski-Kongres-MSP-panelisci-3-1024x996.jpg 1024w, https:\/\/witoslawska.eu\/wp-content\/uploads\/2024\/11\/Europejski-Kongres-MSP-panelisci-3-768x747.jpg 768w\" sizes=\"auto, (max-width: 1078px) 100vw, 1078px\" \/><\/a><figcaption class=\"wp-element-caption\">Europejski Kongres M\u015aP<\/figcaption><\/figure>\n\n\n\n<figure class=\"wp-block-image size-large\"><a href=\"https:\/\/witoslawska.eu\/wp-content\/uploads\/2024\/11\/Dimaq-Day-2024-Poznan-2.jpg\"><img loading=\"lazy\" decoding=\"async\" width=\"769\" height=\"1024\" data-id=\"95\" src=\"https:\/\/witoslawska.eu\/wp-content\/uploads\/2024\/11\/Dimaq-Day-2024-Poznan-2-769x1024.jpg\" alt=\"\" class=\"wp-image-95\" srcset=\"https:\/\/witoslawska.eu\/wp-content\/uploads\/2024\/11\/Dimaq-Day-2024-Poznan-2-769x1024.jpg 769w, https:\/\/witoslawska.eu\/wp-content\/uploads\/2024\/11\/Dimaq-Day-2024-Poznan-2-225x300.jpg 225w, https:\/\/witoslawska.eu\/wp-content\/uploads\/2024\/11\/Dimaq-Day-2024-Poznan-2-768x1023.jpg 768w, https:\/\/witoslawska.eu\/wp-content\/uploads\/2024\/11\/Dimaq-Day-2024-Poznan-2-1153x1536.jpg 1153w, https:\/\/witoslawska.eu\/wp-content\/uploads\/2024\/11\/Dimaq-Day-2024-Poznan-2.jpg 1302w\" sizes=\"auto, (max-width: 769px) 100vw, 769px\" \/><\/a><figcaption class=\"wp-element-caption\">Dimaq Day Pozna\u0144<\/figcaption><\/figure>\n\n\n\n<figure class=\"wp-block-image size-large\"><a href=\"https:\/\/witoslawska.eu\/wp-content\/uploads\/2024\/11\/Europejski-Kongres-MSP-2.jpg\"><img loading=\"lazy\" decoding=\"async\" width=\"1024\" height=\"769\" data-id=\"97\" src=\"https:\/\/witoslawska.eu\/wp-content\/uploads\/2024\/11\/Europejski-Kongres-MSP-2-1024x769.jpg\" alt=\"\" class=\"wp-image-97\" srcset=\"https:\/\/witoslawska.eu\/wp-content\/uploads\/2024\/11\/Europejski-Kongres-MSP-2-1024x769.jpg 1024w, https:\/\/witoslawska.eu\/wp-content\/uploads\/2024\/11\/Europejski-Kongres-MSP-2-300x225.jpg 300w, https:\/\/witoslawska.eu\/wp-content\/uploads\/2024\/11\/Europejski-Kongres-MSP-2-768x576.jpg 768w, https:\/\/witoslawska.eu\/wp-content\/uploads\/2024\/11\/Europejski-Kongres-MSP-2-1536x1153.jpg 1536w, https:\/\/witoslawska.eu\/wp-content\/uploads\/2024\/11\/Europejski-Kongres-MSP-2.jpg 2048w\" sizes=\"auto, (max-width: 1024px) 100vw, 1024px\" \/><\/a><figcaption class=\"wp-element-caption\">Europejski Kongres M\u015aP<\/figcaption><\/figure>\n\n\n\n<figure class=\"wp-block-image size-large\"><a href=\"https:\/\/witoslawska.eu\/wp-content\/uploads\/2024\/11\/54123842754_6b4de0b7f8_o-scaled.jpg\"><img loading=\"lazy\" decoding=\"async\" width=\"1024\" height=\"683\" data-id=\"171\" src=\"https:\/\/witoslawska.eu\/wp-content\/uploads\/2024\/11\/54123842754_6b4de0b7f8_o-1024x683.jpg\" alt=\"Marysia Witos\u0142awska Piotrowska Wydzia\u0142 Zrz\u0105dzania Uniwersytet \u0141\u00f3dzki Digital Festiwal\" class=\"wp-image-171\" srcset=\"https:\/\/witoslawska.eu\/wp-content\/uploads\/2024\/11\/54123842754_6b4de0b7f8_o-1024x683.jpg 1024w, https:\/\/witoslawska.eu\/wp-content\/uploads\/2024\/11\/54123842754_6b4de0b7f8_o-300x200.jpg 300w, https:\/\/witoslawska.eu\/wp-content\/uploads\/2024\/11\/54123842754_6b4de0b7f8_o-768x512.jpg 768w, https:\/\/witoslawska.eu\/wp-content\/uploads\/2024\/11\/54123842754_6b4de0b7f8_o-1536x1024.jpg 1536w, https:\/\/witoslawska.eu\/wp-content\/uploads\/2024\/11\/54123842754_6b4de0b7f8_o-2048x1365.jpg 2048w, https:\/\/witoslawska.eu\/wp-content\/uploads\/2024\/11\/54123842754_6b4de0b7f8_o-680x453.jpg 680w\" sizes=\"auto, (max-width: 1024px) 100vw, 1024px\" \/><\/a><figcaption class=\"wp-element-caption\">Digital Festiwal Noc Innowacji<\/figcaption><\/figure>\n\n\n\n<figure class=\"wp-block-image size-large\"><a href=\"https:\/\/witoslawska.eu\/wp-content\/uploads\/2024\/11\/Dimaq-Day-2024-Wroclaw-2.jpeg\"><img loading=\"lazy\" decoding=\"async\" width=\"769\" height=\"1024\" data-id=\"96\" src=\"https:\/\/witoslawska.eu\/wp-content\/uploads\/2024\/11\/Dimaq-Day-2024-Wroclaw-2-769x1024.jpeg\" alt=\"\" class=\"wp-image-96\" srcset=\"https:\/\/witoslawska.eu\/wp-content\/uploads\/2024\/11\/Dimaq-Day-2024-Wroclaw-2-769x1024.jpeg 769w, https:\/\/witoslawska.eu\/wp-content\/uploads\/2024\/11\/Dimaq-Day-2024-Wroclaw-2-225x300.jpeg 225w, https:\/\/witoslawska.eu\/wp-content\/uploads\/2024\/11\/Dimaq-Day-2024-Wroclaw-2-768x1023.jpeg 768w, https:\/\/witoslawska.eu\/wp-content\/uploads\/2024\/11\/Dimaq-Day-2024-Wroclaw-2-1153x1536.jpeg 1153w, https:\/\/witoslawska.eu\/wp-content\/uploads\/2024\/11\/Dimaq-Day-2024-Wroclaw-2.jpeg 1537w\" sizes=\"auto, (max-width: 769px) 100vw, 769px\" \/><\/a><figcaption class=\"wp-element-caption\">Dimaq Day Wroc\u0142aw<\/figcaption><\/figure>\n\n\n\n<figure class=\"wp-block-image size-large\"><a href=\"https:\/\/witoslawska.eu\/wp-content\/uploads\/2024\/11\/54123500106_13dca6885e_o-scaled.jpg\"><img loading=\"lazy\" decoding=\"async\" width=\"1024\" height=\"683\" data-id=\"170\" src=\"https:\/\/witoslawska.eu\/wp-content\/uploads\/2024\/11\/54123500106_13dca6885e_o-1024x683.jpg\" alt=\"Marysia Witos\u0142awska Piotrowska Wydzia\u0142 Zrz\u0105dzania Uniwersytet \u0141\u00f3dzki Digital Festiwal \" class=\"wp-image-170\" srcset=\"https:\/\/witoslawska.eu\/wp-content\/uploads\/2024\/11\/54123500106_13dca6885e_o-1024x683.jpg 1024w, https:\/\/witoslawska.eu\/wp-content\/uploads\/2024\/11\/54123500106_13dca6885e_o-300x200.jpg 300w, https:\/\/witoslawska.eu\/wp-content\/uploads\/2024\/11\/54123500106_13dca6885e_o-768x512.jpg 768w, https:\/\/witoslawska.eu\/wp-content\/uploads\/2024\/11\/54123500106_13dca6885e_o-1536x1024.jpg 1536w, https:\/\/witoslawska.eu\/wp-content\/uploads\/2024\/11\/54123500106_13dca6885e_o-2048x1365.jpg 2048w, https:\/\/witoslawska.eu\/wp-content\/uploads\/2024\/11\/54123500106_13dca6885e_o-680x453.jpg 680w\" sizes=\"auto, (max-width: 1024px) 100vw, 1024px\" \/><\/a><figcaption class=\"wp-element-caption\">Digital Festiwal Noc Innowacji<\/figcaption><\/figure>\n\n\n\n<figure class=\"wp-block-image size-full\"><a href=\"https:\/\/witoslawska.eu\/wp-content\/uploads\/2024\/11\/Czworka-Polskie-Radio-Marysia-Witoslawska-autistic-self-advocate-2.jpg\"><img loading=\"lazy\" decoding=\"async\" width=\"457\" height=\"536\" data-id=\"102\" src=\"https:\/\/witoslawska.eu\/wp-content\/uploads\/2024\/11\/Czworka-Polskie-Radio-Marysia-Witoslawska-autistic-self-advocate-2.jpg\" alt=\"\" class=\"wp-image-102\" srcset=\"https:\/\/witoslawska.eu\/wp-content\/uploads\/2024\/11\/Czworka-Polskie-Radio-Marysia-Witoslawska-autistic-self-advocate-2.jpg 457w, https:\/\/witoslawska.eu\/wp-content\/uploads\/2024\/11\/Czworka-Polskie-Radio-Marysia-Witoslawska-autistic-self-advocate-2-256x300.jpg 256w\" sizes=\"auto, (max-width: 457px) 100vw, 457px\" \/><\/a><figcaption class=\"wp-element-caption\">Czw\u00f3rka Polskie Radio<\/figcaption><\/figure>\n\n\n\n<figure class=\"wp-block-image size-large\"><a href=\"https:\/\/witoslawska.eu\/wp-content\/uploads\/2024\/11\/Uniwersytet-Jagiellonski-Konferencja-Edukacja-wobec-wyzwan-wspolczesnosci-Krakow-2024-1.jpg\"><img loading=\"lazy\" decoding=\"async\" width=\"1024\" height=\"988\" data-id=\"94\" src=\"https:\/\/witoslawska.eu\/wp-content\/uploads\/2024\/11\/Uniwersytet-Jagiellonski-Konferencja-Edukacja-wobec-wyzwan-wspolczesnosci-Krakow-2024-1-1024x988.jpg\" alt=\"\" class=\"wp-image-94\" srcset=\"https:\/\/witoslawska.eu\/wp-content\/uploads\/2024\/11\/Uniwersytet-Jagiellonski-Konferencja-Edukacja-wobec-wyzwan-wspolczesnosci-Krakow-2024-1-1024x988.jpg 1024w, https:\/\/witoslawska.eu\/wp-content\/uploads\/2024\/11\/Uniwersytet-Jagiellonski-Konferencja-Edukacja-wobec-wyzwan-wspolczesnosci-Krakow-2024-1-300x289.jpg 300w, https:\/\/witoslawska.eu\/wp-content\/uploads\/2024\/11\/Uniwersytet-Jagiellonski-Konferencja-Edukacja-wobec-wyzwan-wspolczesnosci-Krakow-2024-1-768x741.jpg 768w, https:\/\/witoslawska.eu\/wp-content\/uploads\/2024\/11\/Uniwersytet-Jagiellonski-Konferencja-Edukacja-wobec-wyzwan-wspolczesnosci-Krakow-2024-1.jpg 1080w\" sizes=\"auto, (max-width: 1024px) 100vw, 1024px\" \/><\/a><figcaption class=\"wp-element-caption\">Uniwersytet Jagiello\u0144ski<\/figcaption><\/figure>\n\n\n\n<figure class=\"wp-block-image size-large\"><a href=\"https:\/\/witoslawska.eu\/wp-content\/uploads\/2024\/11\/54123775083_48099d7c41_o-scaled.jpg\"><img loading=\"lazy\" decoding=\"async\" width=\"1024\" height=\"544\" data-id=\"169\" src=\"https:\/\/witoslawska.eu\/wp-content\/uploads\/2024\/11\/54123775083_48099d7c41_o-1024x544.jpg\" alt=\"Marysia Witos\u0142awska Piotrowska Wydzia\u0142 Zrz\u0105dzania Uniwersytet \u0141\u00f3dzki Digital Festiwal\" class=\"wp-image-169\" srcset=\"https:\/\/witoslawska.eu\/wp-content\/uploads\/2024\/11\/54123775083_48099d7c41_o-1024x544.jpg 1024w, https:\/\/witoslawska.eu\/wp-content\/uploads\/2024\/11\/54123775083_48099d7c41_o-300x159.jpg 300w, https:\/\/witoslawska.eu\/wp-content\/uploads\/2024\/11\/54123775083_48099d7c41_o-768x408.jpg 768w, https:\/\/witoslawska.eu\/wp-content\/uploads\/2024\/11\/54123775083_48099d7c41_o-1536x816.jpg 1536w, https:\/\/witoslawska.eu\/wp-content\/uploads\/2024\/11\/54123775083_48099d7c41_o-2048x1088.jpg 2048w\" sizes=\"auto, (max-width: 1024px) 100vw, 1024px\" \/><\/a><figcaption class=\"wp-element-caption\">Digital Festiwal Noc Innowacji<\/figcaption><\/figure>\n\n\n\n<figure class=\"wp-block-image size-full\"><a href=\"https:\/\/witoslawska.eu\/wp-content\/uploads\/2024\/11\/1.jpg\"><img loading=\"lazy\" decoding=\"async\" width=\"531\" height=\"720\" data-id=\"38\" src=\"https:\/\/witoslawska.eu\/wp-content\/uploads\/2024\/11\/1.jpg\" alt=\"\" class=\"wp-image-38\" srcset=\"https:\/\/witoslawska.eu\/wp-content\/uploads\/2024\/11\/1.jpg 531w, https:\/\/witoslawska.eu\/wp-content\/uploads\/2024\/11\/1-221x300.jpg 221w\" sizes=\"auto, (max-width: 531px) 100vw, 531px\" \/><\/a><figcaption class=\"wp-element-caption\">\u0141\u00f3dzka Specjalna Strefa Ekonomiczna<\/figcaption><\/figure>\n\n\n\n<figure class=\"wp-block-image size-large\"><a href=\"https:\/\/witoslawska.eu\/wp-content\/uploads\/2024\/11\/Zapowiedz-Radio-Lodz-Noc-Innowacji-Wydzial-Zarzadznia-Centrum-Badan-nad-Sztuczna-Inteligencja-i-Cyberkomunikacja-Uniwersytet-Lodzki-Digital-Festiwal-1-scaled.jpg\"><img loading=\"lazy\" decoding=\"async\" width=\"768\" height=\"1024\" data-id=\"100\" src=\"https:\/\/witoslawska.eu\/wp-content\/uploads\/2024\/11\/Zapowiedz-Radio-Lodz-Noc-Innowacji-Wydzial-Zarzadznia-Centrum-Badan-nad-Sztuczna-Inteligencja-i-Cyberkomunikacja-Uniwersytet-Lodzki-Digital-Festiwal-1-768x1024.jpg\" alt=\"\" class=\"wp-image-100\" srcset=\"https:\/\/witoslawska.eu\/wp-content\/uploads\/2024\/11\/Zapowiedz-Radio-Lodz-Noc-Innowacji-Wydzial-Zarzadznia-Centrum-Badan-nad-Sztuczna-Inteligencja-i-Cyberkomunikacja-Uniwersytet-Lodzki-Digital-Festiwal-1-768x1024.jpg 768w, https:\/\/witoslawska.eu\/wp-content\/uploads\/2024\/11\/Zapowiedz-Radio-Lodz-Noc-Innowacji-Wydzial-Zarzadznia-Centrum-Badan-nad-Sztuczna-Inteligencja-i-Cyberkomunikacja-Uniwersytet-Lodzki-Digital-Festiwal-1-225x300.jpg 225w, https:\/\/witoslawska.eu\/wp-content\/uploads\/2024\/11\/Zapowiedz-Radio-Lodz-Noc-Innowacji-Wydzial-Zarzadznia-Centrum-Badan-nad-Sztuczna-Inteligencja-i-Cyberkomunikacja-Uniwersytet-Lodzki-Digital-Festiwal-1-1152x1536.jpg 1152w, https:\/\/witoslawska.eu\/wp-content\/uploads\/2024\/11\/Zapowiedz-Radio-Lodz-Noc-Innowacji-Wydzial-Zarzadznia-Centrum-Badan-nad-Sztuczna-Inteligencja-i-Cyberkomunikacja-Uniwersytet-Lodzki-Digital-Festiwal-1-1536x2048.jpg 1536w, https:\/\/witoslawska.eu\/wp-content\/uploads\/2024\/11\/Zapowiedz-Radio-Lodz-Noc-Innowacji-Wydzial-Zarzadznia-Centrum-Badan-nad-Sztuczna-Inteligencja-i-Cyberkomunikacja-Uniwersytet-Lodzki-Digital-Festiwal-1-scaled.jpg 1920w\" sizes=\"auto, (max-width: 768px) 100vw, 768px\" \/><\/a><figcaption class=\"wp-element-caption\">Radio \u0141\u00f3d\u017a<\/figcaption><\/figure>\n\n\n\n<figure class=\"wp-block-image size-large\"><a href=\"https:\/\/witoslawska.eu\/wp-content\/uploads\/2024\/11\/54122652892_8ecc640b7d_o-scaled.jpg\"><img loading=\"lazy\" decoding=\"async\" width=\"1024\" height=\"683\" data-id=\"167\" src=\"https:\/\/witoslawska.eu\/wp-content\/uploads\/2024\/11\/54122652892_8ecc640b7d_o-1024x683.jpg\" alt=\"Marysia Witos\u0142awska Piotrowska Wydzia\u0142 Zrz\u0105dzania Uniwersytet \u0141\u00f3dzki Digital Festiwal\" class=\"wp-image-167\" srcset=\"https:\/\/witoslawska.eu\/wp-content\/uploads\/2024\/11\/54122652892_8ecc640b7d_o-1024x683.jpg 1024w, https:\/\/witoslawska.eu\/wp-content\/uploads\/2024\/11\/54122652892_8ecc640b7d_o-300x200.jpg 300w, https:\/\/witoslawska.eu\/wp-content\/uploads\/2024\/11\/54122652892_8ecc640b7d_o-768x512.jpg 768w, https:\/\/witoslawska.eu\/wp-content\/uploads\/2024\/11\/54122652892_8ecc640b7d_o-1536x1024.jpg 1536w, https:\/\/witoslawska.eu\/wp-content\/uploads\/2024\/11\/54122652892_8ecc640b7d_o-2048x1365.jpg 2048w, https:\/\/witoslawska.eu\/wp-content\/uploads\/2024\/11\/54122652892_8ecc640b7d_o-680x453.jpg 680w\" sizes=\"auto, (max-width: 1024px) 100vw, 1024px\" \/><\/a><figcaption class=\"wp-element-caption\">\u0141\u00f3dzka Specjalna Strefa Digital Festiwal Noc Innowacji<\/figcaption><\/figure>\n<\/figure>\n<\/div>\n\n\n<div style=\"height:30px\" aria-hidden=\"true\" class=\"wp-block-spacer\"><\/div>\n\n\n\n<p class=\"has-text-align-center\"><\/p>\n\n\n\n<div class=\"wp-block-buttons is-horizontal is-content-justification-center is-layout-flex wp-container-core-buttons-is-layout-03627597 wp-block-buttons-is-layout-flex\">\n<div class=\"wp-block-button\"><a class=\"wp-block-button__link has-text-color has-background wp-element-button\" href=\"https:\/\/witoslawska.eu\/index.php\/contact\/\" style=\"color:#fefefe;background-color:#010101\">wsp\u00f3\u0142praca<\/a><\/div>\n<\/div>\n<\/div><\/div>\n\n\n\n<p><\/p>\n","protected":false},"excerpt":{"rendered":"<div class=\"entry-summary\">\nDzia\u0142ania\n<\/div>\n<div class=\"link-more-container\"><a href=\"https:\/\/witoslawska.eu\/index.php\/dzialania\/\" class=\"link-more\" aria-label=\"Continue reading Dzia\u0142ania\">Continue reading&hellip;<\/a><\/div>\n","protected":false},"author":1,"featured_media":0,"parent":0,"menu_order":0,"comment_status":"closed","ping_status":"closed","template":"","meta":{"footnotes":""},"class_list":["post-79","page","type-page","status-publish","hentry","entry","entry-type-page"],"_links":{"self":[{"href":"https:\/\/witoslawska.eu\/index.php\/wp-json\/wp\/v2\/pages\/79","targetHints":{"allow":["GET"]}}],"collection":[{"href":"https:\/\/witoslawska.eu\/index.php\/wp-json\/wp\/v2\/pages"}],"about":[{"href":"https:\/\/witoslawska.eu\/index.php\/wp-json\/wp\/v2\/types\/page"}],"author":[{"embeddable":true,"href":"https:\/\/witoslawska.eu\/index.php\/wp-json\/wp\/v2\/users\/1"}],"replies":[{"embeddable":true,"href":"https:\/\/witoslawska.eu\/index.php\/wp-json\/wp\/v2\/comments?post=79"}],"version-history":[{"count":16,"href":"https:\/\/witoslawska.eu\/index.php\/wp-json\/wp\/v2\/pages\/79\/revisions"}],"predecessor-version":[{"id":192,"href":"https:\/\/witoslawska.eu\/index.php\/wp-json\/wp\/v2\/pages\/79\/revisions\/192"}],"wp:attachment":[{"href":"https:\/\/witoslawska.eu\/index.php\/wp-json\/wp\/v2\/media?parent=79"}],"curies":[{"name":"wp","href":"https:\/\/api.w.org\/{rel}","templated":true}]}}